{"id":173,"date":"2025-05-17T04:50:28","date_gmt":"2025-05-17T04:50:28","guid":{"rendered":"https:\/\/canahuatiautorepuestos.com\/tienda\/?post_type=product&#038;p=173"},"modified":"2026-02-16T18:30:08","modified_gmt":"2026-02-16T18:30:08","slug":"motor-para-arranque-24v","status":"publish","type":"product","link":"https:\/\/canahuatiautorepuestos.com\/tienda\/producto\/motor-para-arranque-24v\/","title":{"rendered":"MOTOR PARA ARRANQUE 24V"},"content":{"rendered":"<ul class=\"a-unordered-list a-vertical a-spacing-mini\">\n<li class=\"a-spacing-mini\"><span class=\"a-list-item\">N\u00famero de pieza de repuesto: 03555020019, 410-55009, 41055009, 28100-E0350, 28100E0350, 28100-E0018, 28100E0018, 28100-5625A, 281100-5625A, 281100-5625A. 00562 5A, 28100-2625A, 281002625A, 28100-2625, 281002625, 28100-2624C, 281002624C, 28100-2624, 281002624, 19956N, 19956N, 19956N, 19956N. 956, 0355-502-0041, 03555020041, 0355-502-0040, 03555020040, 0355-502-0019<\/span><\/li>\n<li class=\"a-spacing-mini\"><span class=\"a-list-item\">Condici\u00f3n: Nuevo; Tipo de unidad: OSGR; Voltaje: 24V; kW: 5.0; Rotaci\u00f3n: CW; N\u00famero de dientes: 11; Pa\u00eds de origen: Polonia<\/span><\/li>\n<li class=\"a-spacing-mini\"><span class=\"a-list-item\">Fabricado con nuevos componentes de calidad premium, dise\u00f1ado para cumplir o superar las especificaciones OEM, todos los art\u00edculos probados para fiabilidad, durabilidad y rendimiento<\/span><\/li>\n<li class=\"a-spacing-mini\"><span class=\"a-list-item\">Consulta la descripci\u00f3n del producto para obtener especificaciones adicionales<\/span><\/li>\n<\/ul>\n","protected":false},"excerpt":{"rendered":"<p>Product Code: 28100-2624<\/p>\n<p>Marca: AS-PL<\/p>\n","protected":false},"featured_media":179,"comment_status":"open","ping_status":"closed","template":"","meta":[],"product_brand":[28],"product_cat":[29],"product_tag":[],"class_list":{"0":"post-173","1":"product","2":"type-product","3":"status-publish","4":"has-post-thumbnail","6":"product_brand-as-pl","7":"product_cat-partes-de-arranque","9":"first","10":"instock","11":"shipping-taxable","12":"purchasable","13":"product-type-simple"},"_links":{"self":[{"href":"https:\/\/canahuatiautorepuestos.com\/tienda\/wp-json\/wp\/v2\/product\/173","targetHints":{"allow":["GET"]}}],"collection":[{"href":"https:\/\/canahuatiautorepuestos.com\/tienda\/wp-json\/wp\/v2\/product"}],"about":[{"href":"https:\/\/canahuatiautorepuestos.com\/tienda\/wp-json\/wp\/v2\/types\/product"}],"replies":[{"embeddable":true,"href":"https:\/\/canahuatiautorepuestos.com\/tienda\/wp-json\/wp\/v2\/comments?post=173"}],"wp:featuredmedia":[{"embeddable":true,"href":"https:\/\/canahuatiautorepuestos.com\/tienda\/wp-json\/wp\/v2\/media\/179"}],"wp:attachment":[{"href":"https:\/\/canahuatiautorepuestos.com\/tienda\/wp-json\/wp\/v2\/media?parent=173"}],"wp:term":[{"taxonomy":"product_brand","embeddable":true,"href":"https:\/\/canahuatiautorepuestos.com\/tienda\/wp-json\/wp\/v2\/product_brand?post=173"},{"taxonomy":"product_cat","embeddable":true,"href":"https:\/\/canahuatiautorepuestos.com\/tienda\/wp-json\/wp\/v2\/product_cat?post=173"},{"taxonomy":"product_tag","embeddable":true,"href":"https:\/\/canahuatiautorepuestos.com\/tienda\/wp-json\/wp\/v2\/product_tag?post=173"}],"curies":[{"name":"wp","href":"https:\/\/api.w.org\/{rel}","templated":true}]}}